{"id":10,"date":"2015-08-27T15:47:37","date_gmt":"2015-08-27T15:47:37","guid":{"rendered":"https:\/\/devcas.com\/?page_id=10"},"modified":"2015-10-07T19:32:03","modified_gmt":"2015-10-07T19:32:03","slug":"accueil","status":"publish","type":"page","link":"https:\/\/devcas.com\/fr\/","title":{"rendered":"Accueil"},"content":{"rendered":"","protected":false},"excerpt":{"rendered":"","protected":false},"author":3,"featured_media":0,"parent":0,"menu_order":0,"comment_status":"closed","ping_status":"closed","template":"templates\/template-home.php","meta":{"_acf_changed":false,"footnotes":""},"acf":[],"yoast_head":"<!-- This site is optimized with the Yoast SEO plugin v22.7 - https:\/\/yoast.com\/wordpress\/plugins\/seo\/ -->\n<title>Devcas | Accueil<\/title>\n<meta name=\"description\" content=\"Le but premier de DEVCAS est de vous permettre de r\u00e9aliser la pleine et enti\u00e8re valeur de votre organisation au cours d\u2019un processus de vente ou de fusion. Nous g\u00e9rons pour vous toutes les \u00e9tapes cl\u00e9s de ce processus complexe.\" \/>\n<meta name=\"robots\" content=\"index, follow, max-snippet:-1, max-image-preview:large, max-video-preview:-1\" \/>\n<link rel=\"canonical\" href=\"https:\/\/devcas.com\/fr\/\" \/>\n<meta property=\"og:locale\" content=\"fr_FR\" \/>\n<meta property=\"og:type\" content=\"article\" \/>\n<meta property=\"og:title\" content=\"Devcas | Accueil\" \/>\n<meta property=\"og:description\" content=\"Le but premier de DEVCAS est de vous permettre de r\u00e9aliser la pleine et enti\u00e8re valeur de votre organisation au cours d\u2019un processus de vente ou de fusion. Nous g\u00e9rons pour vous toutes les \u00e9tapes cl\u00e9s de ce processus complexe.\" \/>\n<meta property=\"og:url\" content=\"https:\/\/devcas.com\/fr\/\" \/>\n<meta property=\"og:site_name\" content=\"Devcas\" \/>\n<meta property=\"article:modified_time\" content=\"2015-10-07T19:32:03+00:00\" \/>\n<meta name=\"twitter:card\" content=\"summary_large_image\" \/>\n<script type=\"application\/ld+json\" class=\"yoast-schema-graph\">{\"@context\":\"https:\/\/schema.org\",\"@graph\":[{\"@type\":\"WebPage\",\"@id\":\"https:\/\/devcas.com\/fr\/\",\"url\":\"https:\/\/devcas.com\/fr\/\",\"name\":\"Devcas | Accueil\",\"isPartOf\":{\"@id\":\"https:\/\/devcas.com\/en\/#website\"},\"datePublished\":\"2015-08-27T15:47:37+00:00\",\"dateModified\":\"2015-10-07T19:32:03+00:00\",\"description\":\"Le but premier de DEVCAS est de vous permettre de r\u00e9aliser la pleine et enti\u00e8re valeur de votre organisation au cours d\u2019un processus de vente ou de fusion. Nous g\u00e9rons pour vous toutes les \u00e9tapes cl\u00e9s de ce processus complexe.\",\"breadcrumb\":{\"@id\":\"https:\/\/devcas.com\/fr\/#breadcrumb\"},\"inLanguage\":\"fr-FR\",\"potentialAction\":[{\"@type\":\"ReadAction\",\"target\":[\"https:\/\/devcas.com\/fr\/\"]}]},{\"@type\":\"BreadcrumbList\",\"@id\":\"https:\/\/devcas.com\/fr\/#breadcrumb\",\"itemListElement\":[{\"@type\":\"ListItem\",\"position\":1,\"name\":\"Accueil\",\"item\":\"https:\/\/devcas.com\/fr\/\"},{\"@type\":\"ListItem\",\"position\":2,\"name\":\"Accueil\"}]},{\"@type\":\"WebSite\",\"@id\":\"https:\/\/devcas.com\/en\/#website\",\"url\":\"https:\/\/devcas.com\/en\/\",\"name\":\"Devcas\",\"description\":\"Devcas\",\"publisher\":{\"@id\":\"https:\/\/devcas.com\/en\/#organization\"},\"potentialAction\":[{\"@type\":\"SearchAction\",\"target\":{\"@type\":\"EntryPoint\",\"urlTemplate\":\"https:\/\/devcas.com\/en\/?s={search_term_string}\"},\"query-input\":\"required name=search_term_string\"}],\"inLanguage\":\"fr-FR\"},{\"@type\":\"Organization\",\"@id\":\"https:\/\/devcas.com\/en\/#organization\",\"name\":\"Devcas\",\"url\":\"https:\/\/devcas.com\/en\/\",\"logo\":{\"@type\":\"ImageObject\",\"inLanguage\":\"fr-FR\",\"@id\":\"https:\/\/devcas.com\/en\/#\/schema\/logo\/image\/\",\"url\":\"https:\/\/devcas.com\/wp-content\/uploads\/2025\/01\/devcas_logo_696x696.png\",\"contentUrl\":\"https:\/\/devcas.com\/wp-content\/uploads\/2025\/01\/devcas_logo_696x696.png\",\"width\":696,\"height\":696,\"caption\":\"Devcas\"},\"image\":{\"@id\":\"https:\/\/devcas.com\/en\/#\/schema\/logo\/image\/\"}}]}<\/script>\n<!-- \/ Yoast SEO plugin. -->","yoast_head_json":{"title":"Devcas | Accueil","description":"Le but premier de DEVCAS est de vous permettre de r\u00e9aliser la pleine et enti\u00e8re valeur de votre organisation au cours d\u2019un processus de vente ou de fusion. Nous g\u00e9rons pour vous toutes les \u00e9tapes cl\u00e9s de ce processus complexe.","robots":{"index":"index","follow":"follow","max-snippet":"max-snippet:-1","max-image-preview":"max-image-preview:large","max-video-preview":"max-video-preview:-1"},"canonical":"https:\/\/devcas.com\/fr\/","og_locale":"fr_FR","og_type":"article","og_title":"Devcas | Accueil","og_description":"Le but premier de DEVCAS est de vous permettre de r\u00e9aliser la pleine et enti\u00e8re valeur de votre organisation au cours d\u2019un processus de vente ou de fusion. Nous g\u00e9rons pour vous toutes les \u00e9tapes cl\u00e9s de ce processus complexe.","og_url":"https:\/\/devcas.com\/fr\/","og_site_name":"Devcas","article_modified_time":"2015-10-07T19:32:03+00:00","twitter_card":"summary_large_image","schema":{"@context":"https:\/\/schema.org","@graph":[{"@type":"WebPage","@id":"https:\/\/devcas.com\/fr\/","url":"https:\/\/devcas.com\/fr\/","name":"Devcas | Accueil","isPartOf":{"@id":"https:\/\/devcas.com\/en\/#website"},"datePublished":"2015-08-27T15:47:37+00:00","dateModified":"2015-10-07T19:32:03+00:00","description":"Le but premier de DEVCAS est de vous permettre de r\u00e9aliser la pleine et enti\u00e8re valeur de votre organisation au cours d\u2019un processus de vente ou de fusion. Nous g\u00e9rons pour vous toutes les \u00e9tapes cl\u00e9s de ce processus complexe.","breadcrumb":{"@id":"https:\/\/devcas.com\/fr\/#breadcrumb"},"inLanguage":"fr-FR","potentialAction":[{"@type":"ReadAction","target":["https:\/\/devcas.com\/fr\/"]}]},{"@type":"BreadcrumbList","@id":"https:\/\/devcas.com\/fr\/#breadcrumb","itemListElement":[{"@type":"ListItem","position":1,"name":"Accueil","item":"https:\/\/devcas.com\/fr\/"},{"@type":"ListItem","position":2,"name":"Accueil"}]},{"@type":"WebSite","@id":"https:\/\/devcas.com\/en\/#website","url":"https:\/\/devcas.com\/en\/","name":"Devcas","description":"Devcas","publisher":{"@id":"https:\/\/devcas.com\/en\/#organization"},"potentialAction":[{"@type":"SearchAction","target":{"@type":"EntryPoint","urlTemplate":"https:\/\/devcas.com\/en\/?s={search_term_string}"},"query-input":"required name=search_term_string"}],"inLanguage":"fr-FR"},{"@type":"Organization","@id":"https:\/\/devcas.com\/en\/#organization","name":"Devcas","url":"https:\/\/devcas.com\/en\/","logo":{"@type":"ImageObject","inLanguage":"fr-FR","@id":"https:\/\/devcas.com\/en\/#\/schema\/logo\/image\/","url":"https:\/\/devcas.com\/wp-content\/uploads\/2025\/01\/devcas_logo_696x696.png","contentUrl":"https:\/\/devcas.com\/wp-content\/uploads\/2025\/01\/devcas_logo_696x696.png","width":696,"height":696,"caption":"Devcas"},"image":{"@id":"https:\/\/devcas.com\/en\/#\/schema\/logo\/image\/"}}]}},"_links":{"self":[{"href":"https:\/\/devcas.com\/fr\/wp-json\/wp\/v2\/pages\/10"}],"collection":[{"href":"https:\/\/devcas.com\/fr\/wp-json\/wp\/v2\/pages"}],"about":[{"href":"https:\/\/devcas.com\/fr\/wp-json\/wp\/v2\/types\/page"}],"author":[{"embeddable":true,"href":"https:\/\/devcas.com\/fr\/wp-json\/wp\/v2\/users\/3"}],"replies":[{"embeddable":true,"href":"https:\/\/devcas.com\/fr\/wp-json\/wp\/v2\/comments?post=10"}],"version-history":[{"count":16,"href":"https:\/\/devcas.com\/fr\/wp-json\/wp\/v2\/pages\/10\/revisions"}],"predecessor-version":[{"id":746,"href":"https:\/\/devcas.com\/fr\/wp-json\/wp\/v2\/pages\/10\/revisions\/746"}],"wp:attachment":[{"href":"https:\/\/devcas.com\/fr\/wp-json\/wp\/v2\/media?parent=10"}],"curies":[{"name":"wp","href":"https:\/\/api.w.org\/{rel}","templated":true}]}}