{"id":34,"date":"2015-08-27T17:26:09","date_gmt":"2015-08-27T17:26:09","guid":{"rendered":"https:\/\/devcas.com\/?page_id=34"},"modified":"2024-05-15T17:41:49","modified_gmt":"2024-05-15T21:41:49","slug":"fusion-acquisition","status":"publish","type":"page","link":"https:\/\/devcas.com\/fr\/fusion-acquisition\/","title":{"rendered":"Fusion &#038; acquisition"},"content":{"rendered":"<p>Un projet de vente ou de fusion repr\u00e9sente souvent la d\u00e9cision la plus importante que puisse prendre un entrepreneur au cours de sa carri\u00e8re. Il est d\u00e8s lors essentiel qu\u2019il puisse s\u2019appuyer sur une vision strat\u00e9gique solide et sur une \u00e9quipe multidisciplinaire et comp\u00e9tente. Notre objectif est de vous aider \u00e0 r\u00e9aliser votre projet de vente ou de fusion, en vous accompagnant dans toutes les \u00e9tapes cl\u00e9s d\u2019une telle d\u00e9marche. Afin d\u2019identifier le partenaire id\u00e9al ou l\u2019acqu\u00e9reur pr\u00eat \u00e0 payer le multiple le plus \u00e9lev\u00e9, nous utilisons nos connaissances sur les dynamiques industrielles, les r\u00e9seaux que nous avons tiss\u00e9s depuis plus de 25 ans, nos m\u00e9thodologies, nos banques de donn\u00e9es ainsi que nos nombreuses \u00e9tudes sectorielles.<\/p>\n","protected":false},"excerpt":{"rendered":"<p>Un projet de vente ou de fusion repr\u00e9sente souvent la d\u00e9cision la plus importante que puisse prendre un entrepreneur au cours de sa carri\u00e8re. Il est d\u00e8s lors essentiel qu\u2019il puisse s\u2019appuyer sur une vision strat\u00e9gique solide et sur une \u00e9quipe multidisciplinaire et comp\u00e9tente. Notre objectif est de vous aider \u00e0 r\u00e9aliser votre projet de [&hellip;]<\/p>\n","protected":false},"author":3,"featured_media":0,"parent":0,"menu_order":0,"comment_status":"closed","ping_status":"closed","template":"templates\/template-merger-acquisition.php","meta":{"_acf_changed":false,"footnotes":""},"acf":[],"yoast_head":"<!-- This site is optimized with the Yoast SEO plugin v22.7 - https:\/\/yoast.com\/wordpress\/plugins\/seo\/ -->\n<title>Devcas | Fusion &amp; acquisition<\/title>\n<meta name=\"description\" content=\"Le but premier de DEVCAS est de vous permettre de r\u00e9aliser la pleine et enti\u00e8re valeur de votre organisation au cours d\u2019un processus de vente ou de fusion. Nous g\u00e9rons pour vous toutes les \u00e9tapes cl\u00e9s de ce processus complexe.\" \/>\n<meta name=\"robots\" content=\"index, follow, max-snippet:-1, max-image-preview:large, max-video-preview:-1\" \/>\n<link rel=\"canonical\" href=\"https:\/\/devcas.com\/fr\/fusion-acquisition\/\" \/>\n<meta property=\"og:locale\" content=\"fr_FR\" \/>\n<meta property=\"og:type\" content=\"article\" \/>\n<meta property=\"og:title\" content=\"Devcas | Fusion &amp; acquisition\" \/>\n<meta property=\"og:description\" content=\"Le but premier de DEVCAS est de vous permettre de r\u00e9aliser la pleine et enti\u00e8re valeur de votre organisation au cours d\u2019un processus de vente ou de fusion. Nous g\u00e9rons pour vous toutes les \u00e9tapes cl\u00e9s de ce processus complexe.\" \/>\n<meta property=\"og:url\" content=\"https:\/\/devcas.com\/fr\/fusion-acquisition\/\" \/>\n<meta property=\"og:site_name\" content=\"Devcas\" \/>\n<meta property=\"article:modified_time\" content=\"2024-05-15T21:41:49+00:00\" \/>\n<meta name=\"twitter:card\" content=\"summary_large_image\" \/>\n<meta name=\"twitter:label1\" content=\"Dur\u00e9e de lecture estim\u00e9e\" \/>\n\t<meta name=\"twitter:data1\" content=\"1 minute\" \/>\n<script type=\"application\/ld+json\" class=\"yoast-schema-graph\">{\"@context\":\"https:\/\/schema.org\",\"@graph\":[{\"@type\":\"WebPage\",\"@id\":\"https:\/\/devcas.com\/fr\/fusion-acquisition\/\",\"url\":\"https:\/\/devcas.com\/fr\/fusion-acquisition\/\",\"name\":\"Devcas | Fusion & acquisition\",\"isPartOf\":{\"@id\":\"https:\/\/devcas.com\/en\/#website\"},\"datePublished\":\"2015-08-27T17:26:09+00:00\",\"dateModified\":\"2024-05-15T21:41:49+00:00\",\"description\":\"Le but premier de DEVCAS est de vous permettre de r\u00e9aliser la pleine et enti\u00e8re valeur de votre organisation au cours d\u2019un processus de vente ou de fusion. Nous g\u00e9rons pour vous toutes les \u00e9tapes cl\u00e9s de ce processus complexe.\",\"breadcrumb\":{\"@id\":\"https:\/\/devcas.com\/fr\/fusion-acquisition\/#breadcrumb\"},\"inLanguage\":\"fr-FR\",\"potentialAction\":[{\"@type\":\"ReadAction\",\"target\":[\"https:\/\/devcas.com\/fr\/fusion-acquisition\/\"]}]},{\"@type\":\"BreadcrumbList\",\"@id\":\"https:\/\/devcas.com\/fr\/fusion-acquisition\/#breadcrumb\",\"itemListElement\":[{\"@type\":\"ListItem\",\"position\":1,\"name\":\"Accueil\",\"item\":\"https:\/\/devcas.com\/fr\/\"},{\"@type\":\"ListItem\",\"position\":2,\"name\":\"Fusion &#038; acquisition\"}]},{\"@type\":\"WebSite\",\"@id\":\"https:\/\/devcas.com\/en\/#website\",\"url\":\"https:\/\/devcas.com\/en\/\",\"name\":\"Devcas\",\"description\":\"Devcas\",\"publisher\":{\"@id\":\"https:\/\/devcas.com\/en\/#organization\"},\"potentialAction\":[{\"@type\":\"SearchAction\",\"target\":{\"@type\":\"EntryPoint\",\"urlTemplate\":\"https:\/\/devcas.com\/en\/?s={search_term_string}\"},\"query-input\":\"required name=search_term_string\"}],\"inLanguage\":\"fr-FR\"},{\"@type\":\"Organization\",\"@id\":\"https:\/\/devcas.com\/en\/#organization\",\"name\":\"Devcas\",\"url\":\"https:\/\/devcas.com\/en\/\",\"logo\":{\"@type\":\"ImageObject\",\"inLanguage\":\"fr-FR\",\"@id\":\"https:\/\/devcas.com\/en\/#\/schema\/logo\/image\/\",\"url\":\"https:\/\/devcas.com\/wp-content\/uploads\/2025\/01\/devcas_logo_696x696.png\",\"contentUrl\":\"https:\/\/devcas.com\/wp-content\/uploads\/2025\/01\/devcas_logo_696x696.png\",\"width\":696,\"height\":696,\"caption\":\"Devcas\"},\"image\":{\"@id\":\"https:\/\/devcas.com\/en\/#\/schema\/logo\/image\/\"}}]}<\/script>\n<!-- \/ Yoast SEO plugin. -->","yoast_head_json":{"title":"Devcas | Fusion & acquisition","description":"Le but premier de DEVCAS est de vous permettre de r\u00e9aliser la pleine et enti\u00e8re valeur de votre organisation au cours d\u2019un processus de vente ou de fusion. Nous g\u00e9rons pour vous toutes les \u00e9tapes cl\u00e9s de ce processus complexe.","robots":{"index":"index","follow":"follow","max-snippet":"max-snippet:-1","max-image-preview":"max-image-preview:large","max-video-preview":"max-video-preview:-1"},"canonical":"https:\/\/devcas.com\/fr\/fusion-acquisition\/","og_locale":"fr_FR","og_type":"article","og_title":"Devcas | Fusion & acquisition","og_description":"Le but premier de DEVCAS est de vous permettre de r\u00e9aliser la pleine et enti\u00e8re valeur de votre organisation au cours d\u2019un processus de vente ou de fusion. Nous g\u00e9rons pour vous toutes les \u00e9tapes cl\u00e9s de ce processus complexe.","og_url":"https:\/\/devcas.com\/fr\/fusion-acquisition\/","og_site_name":"Devcas","article_modified_time":"2024-05-15T21:41:49+00:00","twitter_card":"summary_large_image","twitter_misc":{"Dur\u00e9e de lecture estim\u00e9e":"1 minute"},"schema":{"@context":"https:\/\/schema.org","@graph":[{"@type":"WebPage","@id":"https:\/\/devcas.com\/fr\/fusion-acquisition\/","url":"https:\/\/devcas.com\/fr\/fusion-acquisition\/","name":"Devcas | Fusion & acquisition","isPartOf":{"@id":"https:\/\/devcas.com\/en\/#website"},"datePublished":"2015-08-27T17:26:09+00:00","dateModified":"2024-05-15T21:41:49+00:00","description":"Le but premier de DEVCAS est de vous permettre de r\u00e9aliser la pleine et enti\u00e8re valeur de votre organisation au cours d\u2019un processus de vente ou de fusion. Nous g\u00e9rons pour vous toutes les \u00e9tapes cl\u00e9s de ce processus complexe.","breadcrumb":{"@id":"https:\/\/devcas.com\/fr\/fusion-acquisition\/#breadcrumb"},"inLanguage":"fr-FR","potentialAction":[{"@type":"ReadAction","target":["https:\/\/devcas.com\/fr\/fusion-acquisition\/"]}]},{"@type":"BreadcrumbList","@id":"https:\/\/devcas.com\/fr\/fusion-acquisition\/#breadcrumb","itemListElement":[{"@type":"ListItem","position":1,"name":"Accueil","item":"https:\/\/devcas.com\/fr\/"},{"@type":"ListItem","position":2,"name":"Fusion &#038; acquisition"}]},{"@type":"WebSite","@id":"https:\/\/devcas.com\/en\/#website","url":"https:\/\/devcas.com\/en\/","name":"Devcas","description":"Devcas","publisher":{"@id":"https:\/\/devcas.com\/en\/#organization"},"potentialAction":[{"@type":"SearchAction","target":{"@type":"EntryPoint","urlTemplate":"https:\/\/devcas.com\/en\/?s={search_term_string}"},"query-input":"required name=search_term_string"}],"inLanguage":"fr-FR"},{"@type":"Organization","@id":"https:\/\/devcas.com\/en\/#organization","name":"Devcas","url":"https:\/\/devcas.com\/en\/","logo":{"@type":"ImageObject","inLanguage":"fr-FR","@id":"https:\/\/devcas.com\/en\/#\/schema\/logo\/image\/","url":"https:\/\/devcas.com\/wp-content\/uploads\/2025\/01\/devcas_logo_696x696.png","contentUrl":"https:\/\/devcas.com\/wp-content\/uploads\/2025\/01\/devcas_logo_696x696.png","width":696,"height":696,"caption":"Devcas"},"image":{"@id":"https:\/\/devcas.com\/en\/#\/schema\/logo\/image\/"}}]}},"_links":{"self":[{"href":"https:\/\/devcas.com\/fr\/wp-json\/wp\/v2\/pages\/34"}],"collection":[{"href":"https:\/\/devcas.com\/fr\/wp-json\/wp\/v2\/pages"}],"about":[{"href":"https:\/\/devcas.com\/fr\/wp-json\/wp\/v2\/types\/page"}],"author":[{"embeddable":true,"href":"https:\/\/devcas.com\/fr\/wp-json\/wp\/v2\/users\/3"}],"replies":[{"embeddable":true,"href":"https:\/\/devcas.com\/fr\/wp-json\/wp\/v2\/comments?post=34"}],"version-history":[{"count":60,"href":"https:\/\/devcas.com\/fr\/wp-json\/wp\/v2\/pages\/34\/revisions"}],"predecessor-version":[{"id":664,"href":"https:\/\/devcas.com\/fr\/wp-json\/wp\/v2\/pages\/34\/revisions\/664"}],"wp:attachment":[{"href":"https:\/\/devcas.com\/fr\/wp-json\/wp\/v2\/media?parent=34"}],"curies":[{"name":"wp","href":"https:\/\/api.w.org\/{rel}","templated":true}]}}