{"id":71,"date":"2015-08-28T13:40:54","date_gmt":"2015-08-28T13:40:54","guid":{"rendered":"https:\/\/devcas.com\/?page_id=71"},"modified":"2015-09-30T20:59:38","modified_gmt":"2015-09-30T20:59:38","slug":"strategie-dentreprise","status":"publish","type":"page","link":"https:\/\/devcas.com\/fr\/strategie-dentreprise\/","title":{"rendered":"Strat\u00e9gie d&rsquo;entreprise"},"content":{"rendered":"<p>Les mandats de strat\u00e9gie chez Devcas s\u2019articulent essentiellement autour d\u2019exercices de planification strat\u00e9gique, de l\u2019animation de lacs-\u00e0-l\u2019\u00e9paule (retraites ferm\u00e9es), ainsi que d\u2019accompagnements pour des enjeux strat\u00e9giques pr\u00e9cis.<\/p>\n<p>Les mandats de strat\u00e9gie sont de plus en plus incorpor\u00e9s aux mandats de fusion &#038; acquisition. En fait, les mandats de strat\u00e9gie peuvent s\u2019ins\u00e9rer soit avant une d\u00e9marche de fusion &#038; acquisition (exercice de planification strat\u00e9gique), soit, de fa\u00e7on plus restreinte, pendant le mandat (accompagnement pour un enjeu strat\u00e9gique particulier, tel un plan de d\u00e9veloppement sommaire sur un march\u00e9 pr\u00e9cis).<\/p>\n<p>La force de DEVCAS r\u00e9side en sa capacit\u00e9 \u00e0 concevoir, \u00e0 d\u00e9velopper et \u00e0 implanter des strat\u00e9gies d\u2019affaires concr\u00e8tes et performantes qui favorisent la croissance et la p\u00e9rennit\u00e9 des organisations.   Notre d\u00e9marche favorise une pleine participation des gestionnaires de l\u2019entreprise.  Elle permet la d\u00e9couverte de r\u00e9ponses efficaces aux d\u00e9fis que doivent relever les organisations et elle cr\u00e9e des conditions optimales d\u2019implantation des strat\u00e9gies.<\/p>\n","protected":false},"excerpt":{"rendered":"<p>Les mandats de strat\u00e9gie chez Devcas s\u2019articulent essentiellement autour d\u2019exercices de planification strat\u00e9gique, de l\u2019animation de lacs-\u00e0-l\u2019\u00e9paule (retraites ferm\u00e9es), ainsi que d\u2019accompagnements pour des enjeux strat\u00e9giques pr\u00e9cis. Les mandats de strat\u00e9gie sont de plus en plus incorpor\u00e9s aux mandats de fusion &#038; acquisition. En fait, les mandats de strat\u00e9gie peuvent s\u2019ins\u00e9rer soit avant une d\u00e9marche [&hellip;]<\/p>\n","protected":false},"author":3,"featured_media":0,"parent":0,"menu_order":0,"comment_status":"closed","ping_status":"closed","template":"templates\/template-strategy.php","meta":{"_acf_changed":false,"footnotes":""},"acf":[],"yoast_head":"<!-- This site is optimized with the Yoast SEO plugin v22.7 - https:\/\/yoast.com\/wordpress\/plugins\/seo\/ -->\n<title>Strat\u00e9gie d&#039;entreprise - Devcas<\/title>\n<meta name=\"robots\" content=\"index, follow, max-snippet:-1, max-image-preview:large, max-video-preview:-1\" \/>\n<link rel=\"canonical\" href=\"https:\/\/devcas.com\/fr\/strategie-dentreprise\/\" \/>\n<meta property=\"og:locale\" content=\"fr_FR\" \/>\n<meta property=\"og:type\" content=\"article\" \/>\n<meta property=\"og:title\" content=\"Strat\u00e9gie d&#039;entreprise - Devcas\" \/>\n<meta property=\"og:description\" content=\"Les mandats de strat\u00e9gie chez Devcas s\u2019articulent essentiellement autour d\u2019exercices de planification strat\u00e9gique, de l\u2019animation de lacs-\u00e0-l\u2019\u00e9paule (retraites ferm\u00e9es), ainsi que d\u2019accompagnements pour des enjeux strat\u00e9giques pr\u00e9cis. Les mandats de strat\u00e9gie sont de plus en plus incorpor\u00e9s aux mandats de fusion &#038; acquisition. En fait, les mandats de strat\u00e9gie peuvent s\u2019ins\u00e9rer soit avant une d\u00e9marche [&hellip;]\" \/>\n<meta property=\"og:url\" content=\"https:\/\/devcas.com\/fr\/strategie-dentreprise\/\" \/>\n<meta property=\"og:site_name\" content=\"Devcas\" \/>\n<meta property=\"article:modified_time\" content=\"2015-09-30T20:59:38+00:00\" \/>\n<meta name=\"twitter:card\" content=\"summary_large_image\" \/>\n<meta name=\"twitter:label1\" content=\"Dur\u00e9e de lecture estim\u00e9e\" \/>\n\t<meta name=\"twitter:data1\" content=\"1 minute\" \/>\n<script type=\"application\/ld+json\" class=\"yoast-schema-graph\">{\"@context\":\"https:\/\/schema.org\",\"@graph\":[{\"@type\":\"WebPage\",\"@id\":\"https:\/\/devcas.com\/fr\/strategie-dentreprise\/\",\"url\":\"https:\/\/devcas.com\/fr\/strategie-dentreprise\/\",\"name\":\"Strat\u00e9gie d'entreprise - Devcas\",\"isPartOf\":{\"@id\":\"https:\/\/devcas.com\/en\/#website\"},\"datePublished\":\"2015-08-28T13:40:54+00:00\",\"dateModified\":\"2015-09-30T20:59:38+00:00\",\"breadcrumb\":{\"@id\":\"https:\/\/devcas.com\/fr\/strategie-dentreprise\/#breadcrumb\"},\"inLanguage\":\"fr-FR\",\"potentialAction\":[{\"@type\":\"ReadAction\",\"target\":[\"https:\/\/devcas.com\/fr\/strategie-dentreprise\/\"]}]},{\"@type\":\"BreadcrumbList\",\"@id\":\"https:\/\/devcas.com\/fr\/strategie-dentreprise\/#breadcrumb\",\"itemListElement\":[{\"@type\":\"ListItem\",\"position\":1,\"name\":\"Accueil\",\"item\":\"https:\/\/devcas.com\/fr\/\"},{\"@type\":\"ListItem\",\"position\":2,\"name\":\"Strat\u00e9gie d&rsquo;entreprise\"}]},{\"@type\":\"WebSite\",\"@id\":\"https:\/\/devcas.com\/en\/#website\",\"url\":\"https:\/\/devcas.com\/en\/\",\"name\":\"Devcas\",\"description\":\"Devcas\",\"publisher\":{\"@id\":\"https:\/\/devcas.com\/en\/#organization\"},\"potentialAction\":[{\"@type\":\"SearchAction\",\"target\":{\"@type\":\"EntryPoint\",\"urlTemplate\":\"https:\/\/devcas.com\/en\/?s={search_term_string}\"},\"query-input\":\"required name=search_term_string\"}],\"inLanguage\":\"fr-FR\"},{\"@type\":\"Organization\",\"@id\":\"https:\/\/devcas.com\/en\/#organization\",\"name\":\"Devcas\",\"url\":\"https:\/\/devcas.com\/en\/\",\"logo\":{\"@type\":\"ImageObject\",\"inLanguage\":\"fr-FR\",\"@id\":\"https:\/\/devcas.com\/en\/#\/schema\/logo\/image\/\",\"url\":\"https:\/\/devcas.com\/wp-content\/uploads\/2025\/01\/devcas_logo_696x696.png\",\"contentUrl\":\"https:\/\/devcas.com\/wp-content\/uploads\/2025\/01\/devcas_logo_696x696.png\",\"width\":696,\"height\":696,\"caption\":\"Devcas\"},\"image\":{\"@id\":\"https:\/\/devcas.com\/en\/#\/schema\/logo\/image\/\"}}]}<\/script>\n<!-- \/ Yoast SEO plugin. -->","yoast_head_json":{"title":"Strat\u00e9gie d'entreprise - Devcas","robots":{"index":"index","follow":"follow","max-snippet":"max-snippet:-1","max-image-preview":"max-image-preview:large","max-video-preview":"max-video-preview:-1"},"canonical":"https:\/\/devcas.com\/fr\/strategie-dentreprise\/","og_locale":"fr_FR","og_type":"article","og_title":"Strat\u00e9gie d'entreprise - Devcas","og_description":"Les mandats de strat\u00e9gie chez Devcas s\u2019articulent essentiellement autour d\u2019exercices de planification strat\u00e9gique, de l\u2019animation de lacs-\u00e0-l\u2019\u00e9paule (retraites ferm\u00e9es), ainsi que d\u2019accompagnements pour des enjeux strat\u00e9giques pr\u00e9cis. Les mandats de strat\u00e9gie sont de plus en plus incorpor\u00e9s aux mandats de fusion &#038; acquisition. En fait, les mandats de strat\u00e9gie peuvent s\u2019ins\u00e9rer soit avant une d\u00e9marche [&hellip;]","og_url":"https:\/\/devcas.com\/fr\/strategie-dentreprise\/","og_site_name":"Devcas","article_modified_time":"2015-09-30T20:59:38+00:00","twitter_card":"summary_large_image","twitter_misc":{"Dur\u00e9e de lecture estim\u00e9e":"1 minute"},"schema":{"@context":"https:\/\/schema.org","@graph":[{"@type":"WebPage","@id":"https:\/\/devcas.com\/fr\/strategie-dentreprise\/","url":"https:\/\/devcas.com\/fr\/strategie-dentreprise\/","name":"Strat\u00e9gie d'entreprise - Devcas","isPartOf":{"@id":"https:\/\/devcas.com\/en\/#website"},"datePublished":"2015-08-28T13:40:54+00:00","dateModified":"2015-09-30T20:59:38+00:00","breadcrumb":{"@id":"https:\/\/devcas.com\/fr\/strategie-dentreprise\/#breadcrumb"},"inLanguage":"fr-FR","potentialAction":[{"@type":"ReadAction","target":["https:\/\/devcas.com\/fr\/strategie-dentreprise\/"]}]},{"@type":"BreadcrumbList","@id":"https:\/\/devcas.com\/fr\/strategie-dentreprise\/#breadcrumb","itemListElement":[{"@type":"ListItem","position":1,"name":"Accueil","item":"https:\/\/devcas.com\/fr\/"},{"@type":"ListItem","position":2,"name":"Strat\u00e9gie d&rsquo;entreprise"}]},{"@type":"WebSite","@id":"https:\/\/devcas.com\/en\/#website","url":"https:\/\/devcas.com\/en\/","name":"Devcas","description":"Devcas","publisher":{"@id":"https:\/\/devcas.com\/en\/#organization"},"potentialAction":[{"@type":"SearchAction","target":{"@type":"EntryPoint","urlTemplate":"https:\/\/devcas.com\/en\/?s={search_term_string}"},"query-input":"required name=search_term_string"}],"inLanguage":"fr-FR"},{"@type":"Organization","@id":"https:\/\/devcas.com\/en\/#organization","name":"Devcas","url":"https:\/\/devcas.com\/en\/","logo":{"@type":"ImageObject","inLanguage":"fr-FR","@id":"https:\/\/devcas.com\/en\/#\/schema\/logo\/image\/","url":"https:\/\/devcas.com\/wp-content\/uploads\/2025\/01\/devcas_logo_696x696.png","contentUrl":"https:\/\/devcas.com\/wp-content\/uploads\/2025\/01\/devcas_logo_696x696.png","width":696,"height":696,"caption":"Devcas"},"image":{"@id":"https:\/\/devcas.com\/en\/#\/schema\/logo\/image\/"}}]}},"_links":{"self":[{"href":"https:\/\/devcas.com\/fr\/wp-json\/wp\/v2\/pages\/71"}],"collection":[{"href":"https:\/\/devcas.com\/fr\/wp-json\/wp\/v2\/pages"}],"about":[{"href":"https:\/\/devcas.com\/fr\/wp-json\/wp\/v2\/types\/page"}],"author":[{"embeddable":true,"href":"https:\/\/devcas.com\/fr\/wp-json\/wp\/v2\/users\/3"}],"replies":[{"embeddable":true,"href":"https:\/\/devcas.com\/fr\/wp-json\/wp\/v2\/comments?post=71"}],"version-history":[{"count":27,"href":"https:\/\/devcas.com\/fr\/wp-json\/wp\/v2\/pages\/71\/revisions"}],"predecessor-version":[{"id":519,"href":"https:\/\/devcas.com\/fr\/wp-json\/wp\/v2\/pages\/71\/revisions\/519"}],"wp:attachment":[{"href":"https:\/\/devcas.com\/fr\/wp-json\/wp\/v2\/media?parent=71"}],"curies":[{"name":"wp","href":"https:\/\/api.w.org\/{rel}","templated":true}]}}